{"id":50,"date":"2024-08-01T10:28:26","date_gmt":"2024-08-01T08:28:26","guid":{"rendered":"https:\/\/seoptimise.fr\/?page_id=50"},"modified":"2024-12-19T11:16:24","modified_gmt":"2024-12-19T10:16:24","slug":"mentions-legales","status":"publish","type":"page","link":"https:\/\/seoptimise.fr\/index.php\/mentions-legales\/","title":{"rendered":"Mentions l\u00e9gales"},"content":{"rendered":"\n<p>En vous connectant sur ce site, vous acceptez sans r\u00e9serve les pr\u00e9sentes mentions l\u00e9gales.<br><br><strong>REALISATION DU SITE INTERNET<\/strong><br><br>Le site internet <a href=\"https:\/\/seoptimise.fr\/\">seoptimise.fr<\/a>&nbsp;a \u00e9t\u00e9 mis en ligne par :<\/p>\n\n\n\n<p>Cynda TOURI<br>56, Rue Jacquemart<br>26100 ROMANS-SUR-ISERE<\/p>\n\n\n\n<p>Siret :&nbsp;52091454000031<\/p>\n\n\n\n<p>Il est h\u00e9berg\u00e9 par : <\/p>\n\n\n\n<p>OVH SAS, soci\u00e9t\u00e9 immatricul\u00e9e au RCS de Lille sous le num\u00e9ro 537 407 926 sise&nbsp;2, rue Kellermann, 59100 ROUBAIX<\/p>\n\n\n\n<p><br><strong>CONDITIONS D&rsquo;UTILISATION<\/strong><\/p>\n\n\n\n<p>Le site accessible par l&rsquo;url suivante :&nbsp;<a href=\"https:\/\/seoptimise.fr\/\">https:\/\/seoptimise.fr\/<\/a>&nbsp;est exploit\u00e9 dans le respect de la l\u00e9gislation fran\u00e7aise. L&rsquo;utilisation de ce site est r\u00e9gie par les pr\u00e9sentes mentions l\u00e9gales. En utilisant le site, vous reconnaissez avoir pris connaissance de ces conditions et les avoir accept\u00e9es. Celles-ci pourront \u00eatre modifi\u00e9s \u00e0 tout moment et sans pr\u00e9avis. Nous ne saurons \u00eatre tenus pour responsable en aucune mani\u00e8re d\u2019une mauvaise utilisation du service.<\/p>\n\n\n\n<p><strong>LIMITATION DE RESPONSABILITE<\/strong><br><br>Les informations contenues sur ce site sont aussi pr\u00e9cises que possibles et le site est p\u00e9riodiquement remis \u00e0 jour, mais peut toutefois contenir des inexactitudes, des omissions ou des lacunes. Si vous constatez une lacune, erreur ou ce qui parait \u00eatre un dysfonctionnement, merci de bien vouloir le signaler par email en d\u00e9crivant le probl\u00e8me de la mani\u00e8re la plus pr\u00e9cise possible (page posant probl\u00e8me, action d\u00e9clenchante, type d\u2019ordinateur et de navigateur utilis\u00e9, \u2026).<br>Tout contenu t\u00e9l\u00e9charg\u00e9 se fait aux risques et p\u00e9rils de l&rsquo;utilisateur et sous sa seule responsabilit\u00e9. En cons\u00e9quence, nous ne seront \u00eatre tenus responsables d&rsquo;un quelconque dommage subi par l&rsquo;ordinateur de l&rsquo;utilisateur ou d&rsquo;une quelconque perte de donn\u00e9es cons\u00e9cutives au t\u00e9l\u00e9chargement.<br>Les photos sont non contractuelles.<br>Les liens hypertextes mis en place dans le cadre du pr\u00e9sent site internet en direction d&rsquo;autres ressources pr\u00e9sentes sur le r\u00e9seau Internet ne sauraient engager notre responsabilit\u00e9.<\/p>\n\n\n\n<p><strong>LITIGES<\/strong><br><br>Les pr\u00e9sentes conditions sont r\u00e9gies par les lois fran\u00e7aises et toute contestation ou litiges qui pourraient na\u00eetre de l&rsquo;interpr\u00e9tation ou de l&rsquo;ex\u00e9cution de celles-ci seront de la comp\u00e9tence exclusive des tribunaux dont d\u00e9pend le si\u00e8ge social de notre soci\u00e9t\u00e9. La langue de r\u00e9f\u00e9rence, pour le r\u00e8glement de contentieux \u00e9ventuels, est le fran\u00e7ais.<\/p>\n\n\n\n<p><br><strong>CNIL<\/strong><\/p>\n\n\n\n<p>Conform\u00e9ment \u00e0 la loi 78-17 du 6 janvier 1978 (modifi\u00e9e par la loi 2004-801 du 6 ao\u00fbt 2004 relative \u00e0 la protection des personnes physiques \u00e0 l&rsquo;\u00e9gard des traitements de donn\u00e9es \u00e0 caract\u00e8re personnel) relative \u00e0 l&rsquo;informatique, aux fichiers et aux libert\u00e9s, le site a fait l&rsquo;objet d&rsquo;une d\u00e9claration aupr\u00e8s de la Commission nationale de l&rsquo;informatique et des libert\u00e9s (www.cnil.fr).<br><br><strong>DROITS D&rsquo;ACCES<\/strong><br><br>En application de cette loi, les internautes disposent d\u2019un droit d\u2019acc\u00e8s, de rectification, de modification et de suppression concernant les donn\u00e9es qui les concernent personnellement. Ce droit peut \u00eatre exerc\u00e9 par voie postale ou par voie \u00e9lectronique \u00e0 l\u2019adresse email suivante : contact@seoptimise.fr<\/p>\n\n\n\n<p><br>Les informations personnelles collect\u00e9es ne sont en aucun cas confi\u00e9es \u00e0 des tiers hormis pour l\u2019\u00e9ventuelle bonne ex\u00e9cution de la prestation command\u00e9e par l\u2019internaute.<br><br><strong>CONFIDENTIALITE<\/strong><br><br>Vos donn\u00e9es personnelles sont confidentielles et ne seront en aucun cas communiqu\u00e9es \u00e0 des tiers hormis pour la bonne ex\u00e9cution de la prestation.<\/p>\n","protected":false},"excerpt":{"rendered":"<p>En vous connectant sur ce site, vous acceptez sans r\u00e9serve les pr\u00e9sentes mentions l\u00e9gales. REALISATION DU SITE INTERNET Le site internet seoptimise.fr&nbsp;a \u00e9t\u00e9 mis en ligne par : Cynda TOURI56, Rue Jacquemart26100 ROMANS-SUR-ISERE Siret :&nbsp;52091454000031 Il est h\u00e9berg\u00e9 par : OVH SAS, soci\u00e9t\u00e9 immatricul\u00e9e au RCS de Lille sous le num\u00e9ro 537 407 926 sise&nbsp;2, [&hellip;]<\/p>\n","protected":false},"author":1,"featured_media":0,"parent":0,"menu_order":0,"comment_status":"closed","ping_status":"closed","template":"","meta":{"footnotes":""},"class_list":["post-50","page","type-page","status-publish","hentry"],"yoast_head":"<!-- This site is optimized with the Yoast SEO plugin v23.3 - https:\/\/yoast.com\/wordpress\/plugins\/seo\/ -->\n<title>Mentions l\u00e9gales - seoptimise.fr<\/title>\n<meta name=\"description\" content=\"Notre site est exploit\u00e9 dans le respect de la l\u00e9gislation fran\u00e7aise. Son utilisation est r\u00e9gie par les pr\u00e9sentes mentions l\u00e9gales.\" \/>\n<meta name=\"robots\" content=\"index, follow, max-snippet:-1, max-image-preview:large, max-video-preview:-1\" \/>\n<link rel=\"canonical\" href=\"https:\/\/seoptimise.fr\/index.php\/mentions-legales\/\" \/>\n<meta property=\"og:locale\" content=\"fr_FR\" \/>\n<meta property=\"og:type\" content=\"article\" \/>\n<meta property=\"og:title\" content=\"Mentions l\u00e9gales - seoptimise.fr\" \/>\n<meta property=\"og:description\" content=\"Notre site est exploit\u00e9 dans le respect de la l\u00e9gislation fran\u00e7aise. Son utilisation est r\u00e9gie par les pr\u00e9sentes mentions l\u00e9gales.\" \/>\n<meta property=\"og:url\" content=\"https:\/\/seoptimise.fr\/index.php\/mentions-legales\/\" \/>\n<meta property=\"og:site_name\" content=\"seoptimise.fr\" \/>\n<meta property=\"article:modified_time\" content=\"2024-12-19T10:16:24+00:00\" \/>\n<meta name=\"twitter:card\" content=\"summary_large_image\" \/>\n<meta name=\"twitter:label1\" content=\"Dur\u00e9e de lecture estim\u00e9e\" \/>\n\t<meta name=\"twitter:data1\" content=\"3 minutes\" \/>\n<script type=\"application\/ld+json\" class=\"yoast-schema-graph\">{\"@context\":\"https:\/\/schema.org\",\"@graph\":[{\"@type\":\"WebPage\",\"@id\":\"https:\/\/seoptimise.fr\/index.php\/mentions-legales\/\",\"url\":\"https:\/\/seoptimise.fr\/index.php\/mentions-legales\/\",\"name\":\"Mentions l\u00e9gales - seoptimise.fr\",\"isPartOf\":{\"@id\":\"https:\/\/seoptimise.fr\/#website\"},\"datePublished\":\"2024-08-01T08:28:26+00:00\",\"dateModified\":\"2024-12-19T10:16:24+00:00\",\"description\":\"Notre site est exploit\u00e9 dans le respect de la l\u00e9gislation fran\u00e7aise. Son utilisation est r\u00e9gie par les pr\u00e9sentes mentions l\u00e9gales.\",\"breadcrumb\":{\"@id\":\"https:\/\/seoptimise.fr\/index.php\/mentions-legales\/#breadcrumb\"},\"inLanguage\":\"fr-FR\",\"potentialAction\":[{\"@type\":\"ReadAction\",\"target\":[\"https:\/\/seoptimise.fr\/index.php\/mentions-legales\/\"]}]},{\"@type\":\"BreadcrumbList\",\"@id\":\"https:\/\/seoptimise.fr\/index.php\/mentions-legales\/#breadcrumb\",\"itemListElement\":[{\"@type\":\"ListItem\",\"position\":1,\"name\":\"Accueil\",\"item\":\"https:\/\/seoptimise.fr\/\"},{\"@type\":\"ListItem\",\"position\":2,\"name\":\"Mentions l\u00e9gales\"}]},{\"@type\":\"WebSite\",\"@id\":\"https:\/\/seoptimise.fr\/#website\",\"url\":\"https:\/\/seoptimise.fr\/\",\"name\":\"seoptimise.fr\",\"description\":\"Le partenaire de votre visibilit\u00e9 sur les moteurs de recherche\",\"publisher\":{\"@id\":\"https:\/\/seoptimise.fr\/#organization\"},\"potentialAction\":[{\"@type\":\"SearchAction\",\"target\":{\"@type\":\"EntryPoint\",\"urlTemplate\":\"https:\/\/seoptimise.fr\/?s={search_term_string}\"},\"query-input\":\"required name=search_term_string\"}],\"inLanguage\":\"fr-FR\"},{\"@type\":\"Organization\",\"@id\":\"https:\/\/seoptimise.fr\/#organization\",\"name\":\"seoptimise.fr\",\"url\":\"https:\/\/seoptimise.fr\/\",\"logo\":{\"@type\":\"ImageObject\",\"inLanguage\":\"fr-FR\",\"@id\":\"https:\/\/seoptimise.fr\/#\/schema\/logo\/image\/\",\"url\":\"https:\/\/seoptimise.fr\/wp-content\/uploads\/2024\/08\/Logo_seoptimise-removebg-preview.png\",\"contentUrl\":\"https:\/\/seoptimise.fr\/wp-content\/uploads\/2024\/08\/Logo_seoptimise-removebg-preview.png\",\"width\":500,\"height\":500,\"caption\":\"seoptimise.fr\"},\"image\":{\"@id\":\"https:\/\/seoptimise.fr\/#\/schema\/logo\/image\/\"}}]}<\/script>\n<!-- \/ Yoast SEO plugin. -->","yoast_head_json":{"title":"Mentions l\u00e9gales - seoptimise.fr","description":"Notre site est exploit\u00e9 dans le respect de la l\u00e9gislation fran\u00e7aise. Son utilisation est r\u00e9gie par les pr\u00e9sentes mentions l\u00e9gales.","robots":{"index":"index","follow":"follow","max-snippet":"max-snippet:-1","max-image-preview":"max-image-preview:large","max-video-preview":"max-video-preview:-1"},"canonical":"https:\/\/seoptimise.fr\/index.php\/mentions-legales\/","og_locale":"fr_FR","og_type":"article","og_title":"Mentions l\u00e9gales - seoptimise.fr","og_description":"Notre site est exploit\u00e9 dans le respect de la l\u00e9gislation fran\u00e7aise. Son utilisation est r\u00e9gie par les pr\u00e9sentes mentions l\u00e9gales.","og_url":"https:\/\/seoptimise.fr\/index.php\/mentions-legales\/","og_site_name":"seoptimise.fr","article_modified_time":"2024-12-19T10:16:24+00:00","twitter_card":"summary_large_image","twitter_misc":{"Dur\u00e9e de lecture estim\u00e9e":"3 minutes"},"schema":{"@context":"https:\/\/schema.org","@graph":[{"@type":"WebPage","@id":"https:\/\/seoptimise.fr\/index.php\/mentions-legales\/","url":"https:\/\/seoptimise.fr\/index.php\/mentions-legales\/","name":"Mentions l\u00e9gales - seoptimise.fr","isPartOf":{"@id":"https:\/\/seoptimise.fr\/#website"},"datePublished":"2024-08-01T08:28:26+00:00","dateModified":"2024-12-19T10:16:24+00:00","description":"Notre site est exploit\u00e9 dans le respect de la l\u00e9gislation fran\u00e7aise. Son utilisation est r\u00e9gie par les pr\u00e9sentes mentions l\u00e9gales.","breadcrumb":{"@id":"https:\/\/seoptimise.fr\/index.php\/mentions-legales\/#breadcrumb"},"inLanguage":"fr-FR","potentialAction":[{"@type":"ReadAction","target":["https:\/\/seoptimise.fr\/index.php\/mentions-legales\/"]}]},{"@type":"BreadcrumbList","@id":"https:\/\/seoptimise.fr\/index.php\/mentions-legales\/#breadcrumb","itemListElement":[{"@type":"ListItem","position":1,"name":"Accueil","item":"https:\/\/seoptimise.fr\/"},{"@type":"ListItem","position":2,"name":"Mentions l\u00e9gales"}]},{"@type":"WebSite","@id":"https:\/\/seoptimise.fr\/#website","url":"https:\/\/seoptimise.fr\/","name":"seoptimise.fr","description":"Le partenaire de votre visibilit\u00e9 sur les moteurs de recherche","publisher":{"@id":"https:\/\/seoptimise.fr\/#organization"},"potentialAction":[{"@type":"SearchAction","target":{"@type":"EntryPoint","urlTemplate":"https:\/\/seoptimise.fr\/?s={search_term_string}"},"query-input":"required name=search_term_string"}],"inLanguage":"fr-FR"},{"@type":"Organization","@id":"https:\/\/seoptimise.fr\/#organization","name":"seoptimise.fr","url":"https:\/\/seoptimise.fr\/","logo":{"@type":"ImageObject","inLanguage":"fr-FR","@id":"https:\/\/seoptimise.fr\/#\/schema\/logo\/image\/","url":"https:\/\/seoptimise.fr\/wp-content\/uploads\/2024\/08\/Logo_seoptimise-removebg-preview.png","contentUrl":"https:\/\/seoptimise.fr\/wp-content\/uploads\/2024\/08\/Logo_seoptimise-removebg-preview.png","width":500,"height":500,"caption":"seoptimise.fr"},"image":{"@id":"https:\/\/seoptimise.fr\/#\/schema\/logo\/image\/"}}]}},"_links":{"self":[{"href":"https:\/\/seoptimise.fr\/index.php\/wp-json\/wp\/v2\/pages\/50","targetHints":{"allow":["GET"]}}],"collection":[{"href":"https:\/\/seoptimise.fr\/index.php\/wp-json\/wp\/v2\/pages"}],"about":[{"href":"https:\/\/seoptimise.fr\/index.php\/wp-json\/wp\/v2\/types\/page"}],"author":[{"embeddable":true,"href":"https:\/\/seoptimise.fr\/index.php\/wp-json\/wp\/v2\/users\/1"}],"replies":[{"embeddable":true,"href":"https:\/\/seoptimise.fr\/index.php\/wp-json\/wp\/v2\/comments?post=50"}],"version-history":[{"count":12,"href":"https:\/\/seoptimise.fr\/index.php\/wp-json\/wp\/v2\/pages\/50\/revisions"}],"predecessor-version":[{"id":236,"href":"https:\/\/seoptimise.fr\/index.php\/wp-json\/wp\/v2\/pages\/50\/revisions\/236"}],"wp:attachment":[{"href":"https:\/\/seoptimise.fr\/index.php\/wp-json\/wp\/v2\/media?parent=50"}],"curies":[{"name":"wp","href":"https:\/\/api.w.org\/{rel}","templated":true}]}}