{"id":3,"date":"2024-07-31T11:08:24","date_gmt":"2024-07-31T09:08:24","guid":{"rendered":"http:\/\/seoptimise.fr\/?page_id=3"},"modified":"2024-08-07T11:25:30","modified_gmt":"2024-08-07T09:25:30","slug":"politique-de-confidentialite","status":"publish","type":"page","link":"https:\/\/seoptimise.fr\/index.php\/politique-de-confidentialite\/","title":{"rendered":"Politique de confidentialit\u00e9"},"content":{"rendered":"\n<p><strong>CONFIDENTIALITE<\/strong><br><br>Vos donn\u00e9es personnelles sont confidentielles et ne seront en aucun cas communiqu\u00e9es \u00e0 des tiers hormis pour la bonne ex\u00e9cution de la prestation.<br><br><strong>PROPRIETE INTELLECTUELLE<\/strong><br><br>Tout le contenu du pr\u00e9sent site, incluant, de fa\u00e7on non limitative, les graphismes, images, textes, vid\u00e9os, animations, sons, logos, gifs et ic\u00f4nes ainsi que leur mise en forme sont notre propri\u00e9t\u00e9 exclusive, \u00e0 l&rsquo;exception des marques, logos ou contenus appartenant \u00e0 d&rsquo;autres soci\u00e9t\u00e9s partenaires ou auteurs.\u00a0Toute reproduction, distribution, modification, adaptation, retransmission ou publication, m\u00eame partielle, de ces diff\u00e9rents \u00e9l\u00e9ments est strictement interdite sans notre accord. <\/p>\n\n\n\n<p>Cette repr\u00e9sentation ou reproduction, par quelque proc\u00e9d\u00e9 que ce soit, constitue une contrefa\u00e7on sanctionn\u00e9e par les articles L.3335-2 et suivants du Code de la propri\u00e9t\u00e9 intellectuelle. Le non-respect de cette interdiction constitue une contrefa\u00e7on pouvant engager la responsabilit\u00e9 civile et p\u00e9nale du contrefacteur. En outre, les propri\u00e9taires des Contenus copi\u00e9s pourraient intenter une action en justice \u00e0 votre encontre.<br><br>Nous sommes identiquement propri\u00e9taire des \u00ab\u00a0droits des producteurs de bases de donn\u00e9es\u00a0\u00bb vis\u00e9s au Livre III, Titre IV, du Code de la Propri\u00e9t\u00e9 Intellectuelle (loi n\u00b0 98-536 du 1er juillet 1998) relative aux droits d&rsquo;auteur et aux bases de donn\u00e9es.<br><br>Les utilisateurs et visiteurs du site internet peuvent mettre en place un hyperlien en direction de ce site, mais uniquement en direction de la page d\u2019accueil, accessible \u00e0 l\u2019URL suivante :\u00a0<a href=\"https:\/\/seoptimise.fr\/\">https:\/\/seoptimise.fr\/<\/a>, \u00e0 condition que ce lien s\u2019ouvre dans une nouvelle fen\u00eatre. En particulier un lien vers une sous page (\u00ab lien profond \u00bb) est interdit, ainsi que l\u2019ouverture du pr\u00e9sent site au sein d\u2019un cadre (\u00ab framing \u00bb), sauf avec notre autorisation expresse et pr\u00e9alable.<br>Pour toute demande d&rsquo;autorisation ou d&rsquo;information, veuillez nous contacter par email \u00e0 l&rsquo;adresse : contact@seoptimise.fr.<\/p>\n\n\n\n<p>Des conditions sp\u00e9cifiques sont pr\u00e9vues pour la presse.<br><br>Nous mettons en \u0153uvre tous les moyens dont nous disposons, pour assurer une information fiable et une mise \u00e0 jour fiable de ses sites internet. Toutefois, des erreurs ou omissions peuvent survenir. L&rsquo;internaute devra donc s&rsquo;assurer de l&rsquo;exactitude des informations et de nous signaler toutes modifications du site qu&rsquo;il jugerait utile. Nous ne sommes n\u00e9anmoins en aucun cas responsable de l&rsquo;utilisation faite de ces informations, et de tout pr\u00e9judice direct ou indirect pouvant en d\u00e9couler.<br><br><strong>COOKIES<\/strong><br><br>Pour des besoins de statistiques et d&rsquo;affichage, le pr\u00e9sent site utilise des cookies. Il s&rsquo;agit de petits fichiers textes stock\u00e9s sur votre disque dur afin d&rsquo;enregistrer des donn\u00e9es techniques sur votre navigation. Certaines parties de ce site ne peuvent \u00eatre fonctionnelle sans l\u2019acceptation de cookies.<br><br><strong>LIENS HYPERTEXTES<\/strong><br><br>Notre site\u00a0peut offrir des liens vers d\u2019autres sites internet ou d\u2019autres ressources disponibles sur Internet.<br>Nous\u00a0ne disposons d&rsquo;aucun moyen pour contr\u00f4ler les sites en connexion avec notre site internet et ne r\u00e9pondons pas de la disponibilit\u00e9 de tels sites et sources externes, ni ne la garantit. Nous ne pouvons \u00eatres tenus pour responsable de tout dommage, de quelque nature que ce soit, r\u00e9sultant du contenu de ces sites ou sources externes, et notamment des informations, produits ou services qu\u2019ils proposent, ou de tout usage qui peut \u00eatre fait de ces \u00e9l\u00e9ments. Les risques li\u00e9s \u00e0 cette utilisation incombent pleinement \u00e0 l&rsquo;internaute, qui doit se conformer \u00e0 leurs conditions d&rsquo;utilisation.<br><br><strong>RECHERCHE<\/strong><br><br>En outre, le renvoi sur un site internet pour compl\u00e9ter une information recherch\u00e9e ne signifie en aucune fa\u00e7on que nous reconnaissons ou acceptons quelque responsabilit\u00e9 quant \u00e0 la teneur ou \u00e0 l&rsquo;utilisation dudit site.<br><br><strong>PRECAUTIONS D&rsquo;USAGE<\/strong><br><br>Il vous incombe par cons\u00e9quent de prendre les pr\u00e9cautions d&rsquo;usage n\u00e9cessaires pour vous assurer que ce que vous choisissez d&rsquo;utiliser ne soit pas entach\u00e9 d&rsquo;erreurs voire d&rsquo;\u00e9l\u00e9ments de nature destructrice tels que virus, trojans, etc&#8230;.<br><br><strong>RESPONSABILITE<\/strong><br><br>Aucune autre garantie n&rsquo;est accord\u00e9e au client, auquel incombe l&rsquo;obligation de formuler clairement ses besoins et le devoir de s&rsquo;informer. Si des informations fournies par\u00a0notre site\u00a0apparaissent inexactes, il appartiendra au client de proc\u00e9der lui-m\u00eame \u00e0 toutes v\u00e9rifications de la coh\u00e9rence ou de la vraisemblance des r\u00e9sultats obtenus.\u00a0Nous ne serons en aucune fa\u00e7on responsables vis \u00e0 vis des tiers de l&rsquo;utilisation par le client des informations ou de leurs absences contenues dans ses produits, y compris un de ses sites Internet.<\/p>\n\n\n\n<p><strong>CONTACTEZ-NOUS<\/strong><\/p>\n\n\n\n<p>Nous sommes \u00e0 votre disposition pour tous vos commentaires ou suggestions. Vous pouvez nous \u00e9crire en fran\u00e7ais par courrier \u00e9lectronique \u00e0\u00a0<a href=\"mailto:contact@seoptimise.fr\">contact@seoptimise.fr<\/a><\/p>\n\n\n\n<h2 class=\"wp-block-heading\"><\/h2>\n","protected":false},"excerpt":{"rendered":"<p>CONFIDENTIALITE Vos donn\u00e9es personnelles sont confidentielles et ne seront en aucun cas communiqu\u00e9es \u00e0 des tiers hormis pour la bonne ex\u00e9cution de la prestation. PROPRIETE INTELLECTUELLE Tout le contenu du pr\u00e9sent site, incluant, de fa\u00e7on non limitative, les graphismes, images, textes, vid\u00e9os, animations, sons, logos, gifs et ic\u00f4nes ainsi que leur mise en forme sont [&hellip;]<\/p>\n","protected":false},"author":1,"featured_media":0,"parent":0,"menu_order":0,"comment_status":"closed","ping_status":"open","template":"","meta":{"footnotes":""},"class_list":["post-3","page","type-page","status-publish","hentry"],"yoast_head":"<!-- This site is optimized with the Yoast SEO plugin v23.3 - https:\/\/yoast.com\/wordpress\/plugins\/seo\/ -->\n<title>Politique de confidentialit\u00e9 - seoptimise.fr<\/title>\n<meta name=\"robots\" content=\"index, follow, max-snippet:-1, max-image-preview:large, max-video-preview:-1\" \/>\n<link rel=\"canonical\" href=\"https:\/\/seoptimise.fr\/index.php\/politique-de-confidentialite\/\" \/>\n<meta property=\"og:locale\" content=\"fr_FR\" \/>\n<meta property=\"og:type\" content=\"article\" \/>\n<meta property=\"og:title\" content=\"Politique de confidentialit\u00e9 - seoptimise.fr\" \/>\n<meta property=\"og:description\" content=\"CONFIDENTIALITE Vos donn\u00e9es personnelles sont confidentielles et ne seront en aucun cas communiqu\u00e9es \u00e0 des tiers hormis pour la bonne ex\u00e9cution de la prestation. PROPRIETE INTELLECTUELLE Tout le contenu du pr\u00e9sent site, incluant, de fa\u00e7on non limitative, les graphismes, images, textes, vid\u00e9os, animations, sons, logos, gifs et ic\u00f4nes ainsi que leur mise en forme sont [&hellip;]\" \/>\n<meta property=\"og:url\" content=\"https:\/\/seoptimise.fr\/index.php\/politique-de-confidentialite\/\" \/>\n<meta property=\"og:site_name\" content=\"seoptimise.fr\" \/>\n<meta property=\"article:modified_time\" content=\"2024-08-07T09:25:30+00:00\" \/>\n<meta name=\"twitter:card\" content=\"summary_large_image\" \/>\n<meta name=\"twitter:label1\" content=\"Dur\u00e9e de lecture estim\u00e9e\" \/>\n\t<meta name=\"twitter:data1\" content=\"4 minutes\" \/>\n<script type=\"application\/ld+json\" class=\"yoast-schema-graph\">{\"@context\":\"https:\/\/schema.org\",\"@graph\":[{\"@type\":\"WebPage\",\"@id\":\"https:\/\/seoptimise.fr\/index.php\/politique-de-confidentialite\/\",\"url\":\"https:\/\/seoptimise.fr\/index.php\/politique-de-confidentialite\/\",\"name\":\"Politique de confidentialit\u00e9 - seoptimise.fr\",\"isPartOf\":{\"@id\":\"https:\/\/seoptimise.fr\/#website\"},\"datePublished\":\"2024-07-31T09:08:24+00:00\",\"dateModified\":\"2024-08-07T09:25:30+00:00\",\"breadcrumb\":{\"@id\":\"https:\/\/seoptimise.fr\/index.php\/politique-de-confidentialite\/#breadcrumb\"},\"inLanguage\":\"fr-FR\",\"potentialAction\":[{\"@type\":\"ReadAction\",\"target\":[\"https:\/\/seoptimise.fr\/index.php\/politique-de-confidentialite\/\"]}]},{\"@type\":\"BreadcrumbList\",\"@id\":\"https:\/\/seoptimise.fr\/index.php\/politique-de-confidentialite\/#breadcrumb\",\"itemListElement\":[{\"@type\":\"ListItem\",\"position\":1,\"name\":\"Accueil\",\"item\":\"https:\/\/seoptimise.fr\/\"},{\"@type\":\"ListItem\",\"position\":2,\"name\":\"Politique de confidentialit\u00e9\"}]},{\"@type\":\"WebSite\",\"@id\":\"https:\/\/seoptimise.fr\/#website\",\"url\":\"https:\/\/seoptimise.fr\/\",\"name\":\"seoptimise.fr\",\"description\":\"Le partenaire de votre visibilit\u00e9 sur les moteurs de recherche\",\"publisher\":{\"@id\":\"https:\/\/seoptimise.fr\/#organization\"},\"potentialAction\":[{\"@type\":\"SearchAction\",\"target\":{\"@type\":\"EntryPoint\",\"urlTemplate\":\"https:\/\/seoptimise.fr\/?s={search_term_string}\"},\"query-input\":\"required name=search_term_string\"}],\"inLanguage\":\"fr-FR\"},{\"@type\":\"Organization\",\"@id\":\"https:\/\/seoptimise.fr\/#organization\",\"name\":\"seoptimise.fr\",\"url\":\"https:\/\/seoptimise.fr\/\",\"logo\":{\"@type\":\"ImageObject\",\"inLanguage\":\"fr-FR\",\"@id\":\"https:\/\/seoptimise.fr\/#\/schema\/logo\/image\/\",\"url\":\"https:\/\/seoptimise.fr\/wp-content\/uploads\/2024\/08\/Logo_seoptimise-removebg-preview.png\",\"contentUrl\":\"https:\/\/seoptimise.fr\/wp-content\/uploads\/2024\/08\/Logo_seoptimise-removebg-preview.png\",\"width\":500,\"height\":500,\"caption\":\"seoptimise.fr\"},\"image\":{\"@id\":\"https:\/\/seoptimise.fr\/#\/schema\/logo\/image\/\"}}]}<\/script>\n<!-- \/ Yoast SEO plugin. -->","yoast_head_json":{"title":"Politique de confidentialit\u00e9 - seoptimise.fr","robots":{"index":"index","follow":"follow","max-snippet":"max-snippet:-1","max-image-preview":"max-image-preview:large","max-video-preview":"max-video-preview:-1"},"canonical":"https:\/\/seoptimise.fr\/index.php\/politique-de-confidentialite\/","og_locale":"fr_FR","og_type":"article","og_title":"Politique de confidentialit\u00e9 - seoptimise.fr","og_description":"CONFIDENTIALITE Vos donn\u00e9es personnelles sont confidentielles et ne seront en aucun cas communiqu\u00e9es \u00e0 des tiers hormis pour la bonne ex\u00e9cution de la prestation. PROPRIETE INTELLECTUELLE Tout le contenu du pr\u00e9sent site, incluant, de fa\u00e7on non limitative, les graphismes, images, textes, vid\u00e9os, animations, sons, logos, gifs et ic\u00f4nes ainsi que leur mise en forme sont [&hellip;]","og_url":"https:\/\/seoptimise.fr\/index.php\/politique-de-confidentialite\/","og_site_name":"seoptimise.fr","article_modified_time":"2024-08-07T09:25:30+00:00","twitter_card":"summary_large_image","twitter_misc":{"Dur\u00e9e de lecture estim\u00e9e":"4 minutes"},"schema":{"@context":"https:\/\/schema.org","@graph":[{"@type":"WebPage","@id":"https:\/\/seoptimise.fr\/index.php\/politique-de-confidentialite\/","url":"https:\/\/seoptimise.fr\/index.php\/politique-de-confidentialite\/","name":"Politique de confidentialit\u00e9 - seoptimise.fr","isPartOf":{"@id":"https:\/\/seoptimise.fr\/#website"},"datePublished":"2024-07-31T09:08:24+00:00","dateModified":"2024-08-07T09:25:30+00:00","breadcrumb":{"@id":"https:\/\/seoptimise.fr\/index.php\/politique-de-confidentialite\/#breadcrumb"},"inLanguage":"fr-FR","potentialAction":[{"@type":"ReadAction","target":["https:\/\/seoptimise.fr\/index.php\/politique-de-confidentialite\/"]}]},{"@type":"BreadcrumbList","@id":"https:\/\/seoptimise.fr\/index.php\/politique-de-confidentialite\/#breadcrumb","itemListElement":[{"@type":"ListItem","position":1,"name":"Accueil","item":"https:\/\/seoptimise.fr\/"},{"@type":"ListItem","position":2,"name":"Politique de confidentialit\u00e9"}]},{"@type":"WebSite","@id":"https:\/\/seoptimise.fr\/#website","url":"https:\/\/seoptimise.fr\/","name":"seoptimise.fr","description":"Le partenaire de votre visibilit\u00e9 sur les moteurs de recherche","publisher":{"@id":"https:\/\/seoptimise.fr\/#organization"},"potentialAction":[{"@type":"SearchAction","target":{"@type":"EntryPoint","urlTemplate":"https:\/\/seoptimise.fr\/?s={search_term_string}"},"query-input":"required name=search_term_string"}],"inLanguage":"fr-FR"},{"@type":"Organization","@id":"https:\/\/seoptimise.fr\/#organization","name":"seoptimise.fr","url":"https:\/\/seoptimise.fr\/","logo":{"@type":"ImageObject","inLanguage":"fr-FR","@id":"https:\/\/seoptimise.fr\/#\/schema\/logo\/image\/","url":"https:\/\/seoptimise.fr\/wp-content\/uploads\/2024\/08\/Logo_seoptimise-removebg-preview.png","contentUrl":"https:\/\/seoptimise.fr\/wp-content\/uploads\/2024\/08\/Logo_seoptimise-removebg-preview.png","width":500,"height":500,"caption":"seoptimise.fr"},"image":{"@id":"https:\/\/seoptimise.fr\/#\/schema\/logo\/image\/"}}]}},"_links":{"self":[{"href":"https:\/\/seoptimise.fr\/index.php\/wp-json\/wp\/v2\/pages\/3","targetHints":{"allow":["GET"]}}],"collection":[{"href":"https:\/\/seoptimise.fr\/index.php\/wp-json\/wp\/v2\/pages"}],"about":[{"href":"https:\/\/seoptimise.fr\/index.php\/wp-json\/wp\/v2\/types\/page"}],"author":[{"embeddable":true,"href":"https:\/\/seoptimise.fr\/index.php\/wp-json\/wp\/v2\/users\/1"}],"replies":[{"embeddable":true,"href":"https:\/\/seoptimise.fr\/index.php\/wp-json\/wp\/v2\/comments?post=3"}],"version-history":[{"count":9,"href":"https:\/\/seoptimise.fr\/index.php\/wp-json\/wp\/v2\/pages\/3\/revisions"}],"predecessor-version":[{"id":198,"href":"https:\/\/seoptimise.fr\/index.php\/wp-json\/wp\/v2\/pages\/3\/revisions\/198"}],"wp:attachment":[{"href":"https:\/\/seoptimise.fr\/index.php\/wp-json\/wp\/v2\/media?parent=3"}],"curies":[{"name":"wp","href":"https:\/\/api.w.org\/{rel}","templated":true}]}}