{"id":13,"date":"2024-07-31T11:53:21","date_gmt":"2024-07-31T09:53:21","guid":{"rendered":"http:\/\/seoptimise.fr\/?page_id=13"},"modified":"2024-12-19T11:40:52","modified_gmt":"2024-12-19T10:40:52","slug":"a-propos","status":"publish","type":"page","link":"https:\/\/seoptimise.fr\/index.php\/a-propos\/","title":{"rendered":"\u00c0 propos"},"content":{"rendered":"\n<div class=\"wp-block-group alignfull has-accent-background-color has-background has-global-padding is-layout-constrained wp-container-core-group-is-layout-669513ed wp-block-group-is-layout-constrained\" style=\"margin-top:0;margin-bottom:0;padding-top:var(--wp--preset--spacing--50);padding-right:var(--wp--preset--spacing--50);padding-bottom:var(--wp--preset--spacing--50);padding-left:var(--wp--preset--spacing--50)\">\n<div class=\"wp-block-columns alignwide is-layout-flex wp-container-core-columns-is-layout-1da03c2a wp-block-columns-is-layout-flex\">\n<div class=\"wp-block-column is-vertically-aligned-stretch is-layout-flow wp-block-column-is-layout-flow\" style=\"flex-basis:50%\">\n<div class=\"wp-block-group is-vertical is-content-justification-stretch is-layout-flex wp-container-core-group-is-layout-444d5ee8 wp-block-group-is-layout-flex\" style=\"min-height:100%\">\n<p class=\"has-heading-font-family has-x-large-font-size\" style=\"line-height:1.2\">Je m&rsquo;appelle Cynda et je vis \u00e0 Romans-sur-Is\u00e8re. Passionn\u00e9e d&rsquo;\u00e9criture et d&rsquo;informatique, je suis parvenue \u00e0 fusionner le tout pour devenir experte en r\u00e9f\u00e9rencement naturel (SEO). Je propose des prestations de qualit\u00e9 \u00e0 l&rsquo;authenticit\u00e9 garantie pour un bon positionnement sur les moteurs de recherche.<\/p>\n\n\n\n<p><\/p>\n\n\n\n<div class=\"wp-block-group has-global-padding is-content-justification-left is-layout-constrained wp-container-core-group-is-layout-9fe8ed88 wp-block-group-is-layout-constrained\">\n<p class=\"wp-container-content-0733e5d0\"><\/p>\n\n\n\n<div class=\"wp-block-buttons is-layout-flex wp-block-buttons-is-layout-flex\"><\/div>\n<\/div>\n<\/div>\n<\/div>\n\n\n\n<div class=\"wp-block-column is-vertically-aligned-center is-layout-flow wp-block-column-is-layout-flow\" style=\"flex-basis:50%\">\n<figure class=\"wp-block-image size-full is-style-rounded is-style-rounded--1\"><img loading=\"lazy\" decoding=\"async\" width=\"612\" height=\"408\" src=\"https:\/\/seoptimise.fr\/wp-content\/uploads\/2024\/12\/Pont-Romans.jpeg\" alt=\"Pont romans sur is\u00e8re\" class=\"wp-image-238\" style=\"aspect-ratio:3\/4;object-fit:cover\" srcset=\"https:\/\/seoptimise.fr\/wp-content\/uploads\/2024\/12\/Pont-Romans.jpeg 612w, https:\/\/seoptimise.fr\/wp-content\/uploads\/2024\/12\/Pont-Romans-300x200.jpeg 300w\" sizes=\"auto, (max-width: 612px) 100vw, 612px\" \/><\/figure>\n<\/div>\n<\/div>\n<\/div>\n\n\n\n<div class=\"wp-block-group alignfull has-accent-5-background-color has-background has-global-padding is-layout-constrained wp-container-core-group-is-layout-d89aad35 wp-block-group-is-layout-constrained\" style=\"margin-top:0;margin-bottom:0;padding-top:var(--wp--preset--spacing--50);padding-right:var(--wp--preset--spacing--50);padding-bottom:var(--wp--preset--spacing--50);padding-left:var(--wp--preset--spacing--50)\">\n<div class=\"wp-block-columns alignwide is-layout-flex wp-container-core-columns-is-layout-1da03c2a wp-block-columns-is-layout-flex\">\n<div class=\"wp-block-column is-vertically-aligned-center is-layout-flow wp-block-column-is-layout-flow\" style=\"flex-basis:60%\">\n<figure class=\"wp-block-image size-full is-style-rounded wp-duotone-duotone-1 is-style-rounded--2\"><img loading=\"lazy\" decoding=\"async\" width=\"2560\" height=\"1920\" src=\"https:\/\/seoptimise.fr\/wp-content\/uploads\/2024\/07\/image_50460673-scaled.jpg\" alt=\"seoptimise - \u00e0 propos\" class=\"wp-image-77\" style=\"aspect-ratio:4\/3;object-fit:cover\" srcset=\"https:\/\/seoptimise.fr\/wp-content\/uploads\/2024\/07\/image_50460673-scaled.jpg 2560w, https:\/\/seoptimise.fr\/wp-content\/uploads\/2024\/07\/image_50460673-300x225.jpg 300w, https:\/\/seoptimise.fr\/wp-content\/uploads\/2024\/07\/image_50460673-1024x768.jpg 1024w, https:\/\/seoptimise.fr\/wp-content\/uploads\/2024\/07\/image_50460673-768x576.jpg 768w, https:\/\/seoptimise.fr\/wp-content\/uploads\/2024\/07\/image_50460673-1536x1152.jpg 1536w, https:\/\/seoptimise.fr\/wp-content\/uploads\/2024\/07\/image_50460673-2048x1536.jpg 2048w\" sizes=\"auto, (max-width: 2560px) 100vw, 2560px\" \/><\/figure>\n<\/div>\n\n\n\n<div class=\"wp-block-column is-layout-flow wp-block-column-is-layout-flow\" style=\"flex-basis:40%\">\n<h2 class=\"wp-block-heading\">Le bureau<\/h2>\n\n\n\n<p>Voici le bureau sur lequel votre projet pourrait voir le jour.<\/p>\n\n\n\n<p>N&rsquo;h\u00e9sitez pas \u00e0 nous contacter pour toute question ou pour un devis.<\/p>\n\n\n\n<p>De nombreuses structures nous ont d\u00e9j\u00e0 fait confiance, alors pourquoi pas vous ?<\/p>\n\n\n\n<p><\/p>\n\n\n\n<div class=\"wp-block-buttons is-layout-flex wp-block-buttons-is-layout-flex\">\n<div class=\"wp-block-button\"><a class=\"wp-block-button__link wp-element-button\" href=\"https:\/\/seoptimise.fr\/index.php\/tas-la-ref-2\/\">T&rsquo;as la r\u00e9f ?<\/a><\/div>\n<\/div>\n<\/div>\n<\/div>\n<\/div>\n","protected":false},"excerpt":{"rendered":"<p>Je m&rsquo;appelle Cynda et je vis \u00e0 Romans-sur-Is\u00e8re. Passionn\u00e9e d&rsquo;\u00e9criture et d&rsquo;informatique, je suis parvenue \u00e0 fusionner le tout pour devenir experte en r\u00e9f\u00e9rencement naturel (SEO). Je propose des prestations de qualit\u00e9 \u00e0 l&rsquo;authenticit\u00e9 garantie pour un bon positionnement sur les moteurs de recherche. Le bureau Voici le bureau sur lequel votre projet pourrait voir [&hellip;]<\/p>\n","protected":false},"author":1,"featured_media":0,"parent":0,"menu_order":0,"comment_status":"closed","ping_status":"closed","template":"","meta":{"footnotes":""},"class_list":["post-13","page","type-page","status-publish","hentry"],"yoast_head":"<!-- This site is optimized with the Yoast SEO plugin v23.3 - https:\/\/yoast.com\/wordpress\/plugins\/seo\/ -->\n<title>\u00c0 propos - seoptimise.fr<\/title>\n<meta name=\"description\" content=\"Seoptimise est votre partenaire SEO, bas\u00e9 \u00e0 Romans-sur-Is\u00e8re dans la Dr\u00f4me, pour la cr\u00e9ation ou l&#039;optimisation de votre site web.\" \/>\n<meta name=\"robots\" content=\"index, follow, max-snippet:-1, max-image-preview:large, max-video-preview:-1\" \/>\n<link rel=\"canonical\" href=\"https:\/\/seoptimise.fr\/index.php\/a-propos\/\" \/>\n<meta property=\"og:locale\" content=\"fr_FR\" \/>\n<meta property=\"og:type\" content=\"article\" \/>\n<meta property=\"og:title\" content=\"\u00c0 propos - seoptimise.fr\" \/>\n<meta property=\"og:description\" content=\"Seoptimise est votre partenaire SEO, bas\u00e9 \u00e0 Romans-sur-Is\u00e8re dans la Dr\u00f4me, pour la cr\u00e9ation ou l&#039;optimisation de votre site web.\" \/>\n<meta property=\"og:url\" content=\"https:\/\/seoptimise.fr\/index.php\/a-propos\/\" \/>\n<meta property=\"og:site_name\" content=\"seoptimise.fr\" \/>\n<meta property=\"article:modified_time\" content=\"2024-12-19T10:40:52+00:00\" \/>\n<meta property=\"og:image\" content=\"https:\/\/seoptimise.fr\/wp-content\/uploads\/2024\/12\/Pont-Romans.jpeg\" \/>\n<meta name=\"twitter:card\" content=\"summary_large_image\" \/>\n<meta name=\"twitter:label1\" content=\"Dur\u00e9e de lecture estim\u00e9e\" \/>\n\t<meta name=\"twitter:data1\" content=\"1 minute\" \/>\n<script type=\"application\/ld+json\" class=\"yoast-schema-graph\">{\"@context\":\"https:\/\/schema.org\",\"@graph\":[{\"@type\":\"WebPage\",\"@id\":\"https:\/\/seoptimise.fr\/index.php\/a-propos\/\",\"url\":\"https:\/\/seoptimise.fr\/index.php\/a-propos\/\",\"name\":\"\u00c0 propos - seoptimise.fr\",\"isPartOf\":{\"@id\":\"https:\/\/seoptimise.fr\/#website\"},\"primaryImageOfPage\":{\"@id\":\"https:\/\/seoptimise.fr\/index.php\/a-propos\/#primaryimage\"},\"image\":{\"@id\":\"https:\/\/seoptimise.fr\/index.php\/a-propos\/#primaryimage\"},\"thumbnailUrl\":\"https:\/\/seoptimise.fr\/wp-content\/uploads\/2024\/12\/Pont-Romans.jpeg\",\"datePublished\":\"2024-07-31T09:53:21+00:00\",\"dateModified\":\"2024-12-19T10:40:52+00:00\",\"description\":\"Seoptimise est votre partenaire SEO, bas\u00e9 \u00e0 Romans-sur-Is\u00e8re dans la Dr\u00f4me, pour la cr\u00e9ation ou l'optimisation de votre site web.\",\"breadcrumb\":{\"@id\":\"https:\/\/seoptimise.fr\/index.php\/a-propos\/#breadcrumb\"},\"inLanguage\":\"fr-FR\",\"potentialAction\":[{\"@type\":\"ReadAction\",\"target\":[\"https:\/\/seoptimise.fr\/index.php\/a-propos\/\"]}]},{\"@type\":\"ImageObject\",\"inLanguage\":\"fr-FR\",\"@id\":\"https:\/\/seoptimise.fr\/index.php\/a-propos\/#primaryimage\",\"url\":\"https:\/\/seoptimise.fr\/wp-content\/uploads\/2024\/12\/Pont-Romans.jpeg\",\"contentUrl\":\"https:\/\/seoptimise.fr\/wp-content\/uploads\/2024\/12\/Pont-Romans.jpeg\",\"width\":612,\"height\":408,\"caption\":\"Pont romans sur is\u00e8re\"},{\"@type\":\"BreadcrumbList\",\"@id\":\"https:\/\/seoptimise.fr\/index.php\/a-propos\/#breadcrumb\",\"itemListElement\":[{\"@type\":\"ListItem\",\"position\":1,\"name\":\"Accueil\",\"item\":\"https:\/\/seoptimise.fr\/\"},{\"@type\":\"ListItem\",\"position\":2,\"name\":\"\u00c0 propos\"}]},{\"@type\":\"WebSite\",\"@id\":\"https:\/\/seoptimise.fr\/#website\",\"url\":\"https:\/\/seoptimise.fr\/\",\"name\":\"seoptimise.fr\",\"description\":\"Le partenaire de votre visibilit\u00e9 sur les moteurs de recherche\",\"publisher\":{\"@id\":\"https:\/\/seoptimise.fr\/#organization\"},\"potentialAction\":[{\"@type\":\"SearchAction\",\"target\":{\"@type\":\"EntryPoint\",\"urlTemplate\":\"https:\/\/seoptimise.fr\/?s={search_term_string}\"},\"query-input\":\"required name=search_term_string\"}],\"inLanguage\":\"fr-FR\"},{\"@type\":\"Organization\",\"@id\":\"https:\/\/seoptimise.fr\/#organization\",\"name\":\"seoptimise.fr\",\"url\":\"https:\/\/seoptimise.fr\/\",\"logo\":{\"@type\":\"ImageObject\",\"inLanguage\":\"fr-FR\",\"@id\":\"https:\/\/seoptimise.fr\/#\/schema\/logo\/image\/\",\"url\":\"https:\/\/seoptimise.fr\/wp-content\/uploads\/2024\/08\/Logo_seoptimise-removebg-preview.png\",\"contentUrl\":\"https:\/\/seoptimise.fr\/wp-content\/uploads\/2024\/08\/Logo_seoptimise-removebg-preview.png\",\"width\":500,\"height\":500,\"caption\":\"seoptimise.fr\"},\"image\":{\"@id\":\"https:\/\/seoptimise.fr\/#\/schema\/logo\/image\/\"}}]}<\/script>\n<!-- \/ Yoast SEO plugin. -->","yoast_head_json":{"title":"\u00c0 propos - seoptimise.fr","description":"Seoptimise est votre partenaire SEO, bas\u00e9 \u00e0 Romans-sur-Is\u00e8re dans la Dr\u00f4me, pour la cr\u00e9ation ou l'optimisation de votre site web.","robots":{"index":"index","follow":"follow","max-snippet":"max-snippet:-1","max-image-preview":"max-image-preview:large","max-video-preview":"max-video-preview:-1"},"canonical":"https:\/\/seoptimise.fr\/index.php\/a-propos\/","og_locale":"fr_FR","og_type":"article","og_title":"\u00c0 propos - seoptimise.fr","og_description":"Seoptimise est votre partenaire SEO, bas\u00e9 \u00e0 Romans-sur-Is\u00e8re dans la Dr\u00f4me, pour la cr\u00e9ation ou l'optimisation de votre site web.","og_url":"https:\/\/seoptimise.fr\/index.php\/a-propos\/","og_site_name":"seoptimise.fr","article_modified_time":"2024-12-19T10:40:52+00:00","og_image":[{"url":"https:\/\/seoptimise.fr\/wp-content\/uploads\/2024\/12\/Pont-Romans.jpeg"}],"twitter_card":"summary_large_image","twitter_misc":{"Dur\u00e9e de lecture estim\u00e9e":"1 minute"},"schema":{"@context":"https:\/\/schema.org","@graph":[{"@type":"WebPage","@id":"https:\/\/seoptimise.fr\/index.php\/a-propos\/","url":"https:\/\/seoptimise.fr\/index.php\/a-propos\/","name":"\u00c0 propos - seoptimise.fr","isPartOf":{"@id":"https:\/\/seoptimise.fr\/#website"},"primaryImageOfPage":{"@id":"https:\/\/seoptimise.fr\/index.php\/a-propos\/#primaryimage"},"image":{"@id":"https:\/\/seoptimise.fr\/index.php\/a-propos\/#primaryimage"},"thumbnailUrl":"https:\/\/seoptimise.fr\/wp-content\/uploads\/2024\/12\/Pont-Romans.jpeg","datePublished":"2024-07-31T09:53:21+00:00","dateModified":"2024-12-19T10:40:52+00:00","description":"Seoptimise est votre partenaire SEO, bas\u00e9 \u00e0 Romans-sur-Is\u00e8re dans la Dr\u00f4me, pour la cr\u00e9ation ou l'optimisation de votre site web.","breadcrumb":{"@id":"https:\/\/seoptimise.fr\/index.php\/a-propos\/#breadcrumb"},"inLanguage":"fr-FR","potentialAction":[{"@type":"ReadAction","target":["https:\/\/seoptimise.fr\/index.php\/a-propos\/"]}]},{"@type":"ImageObject","inLanguage":"fr-FR","@id":"https:\/\/seoptimise.fr\/index.php\/a-propos\/#primaryimage","url":"https:\/\/seoptimise.fr\/wp-content\/uploads\/2024\/12\/Pont-Romans.jpeg","contentUrl":"https:\/\/seoptimise.fr\/wp-content\/uploads\/2024\/12\/Pont-Romans.jpeg","width":612,"height":408,"caption":"Pont romans sur is\u00e8re"},{"@type":"BreadcrumbList","@id":"https:\/\/seoptimise.fr\/index.php\/a-propos\/#breadcrumb","itemListElement":[{"@type":"ListItem","position":1,"name":"Accueil","item":"https:\/\/seoptimise.fr\/"},{"@type":"ListItem","position":2,"name":"\u00c0 propos"}]},{"@type":"WebSite","@id":"https:\/\/seoptimise.fr\/#website","url":"https:\/\/seoptimise.fr\/","name":"seoptimise.fr","description":"Le partenaire de votre visibilit\u00e9 sur les moteurs de recherche","publisher":{"@id":"https:\/\/seoptimise.fr\/#organization"},"potentialAction":[{"@type":"SearchAction","target":{"@type":"EntryPoint","urlTemplate":"https:\/\/seoptimise.fr\/?s={search_term_string}"},"query-input":"required name=search_term_string"}],"inLanguage":"fr-FR"},{"@type":"Organization","@id":"https:\/\/seoptimise.fr\/#organization","name":"seoptimise.fr","url":"https:\/\/seoptimise.fr\/","logo":{"@type":"ImageObject","inLanguage":"fr-FR","@id":"https:\/\/seoptimise.fr\/#\/schema\/logo\/image\/","url":"https:\/\/seoptimise.fr\/wp-content\/uploads\/2024\/08\/Logo_seoptimise-removebg-preview.png","contentUrl":"https:\/\/seoptimise.fr\/wp-content\/uploads\/2024\/08\/Logo_seoptimise-removebg-preview.png","width":500,"height":500,"caption":"seoptimise.fr"},"image":{"@id":"https:\/\/seoptimise.fr\/#\/schema\/logo\/image\/"}}]}},"_links":{"self":[{"href":"https:\/\/seoptimise.fr\/index.php\/wp-json\/wp\/v2\/pages\/13","targetHints":{"allow":["GET"]}}],"collection":[{"href":"https:\/\/seoptimise.fr\/index.php\/wp-json\/wp\/v2\/pages"}],"about":[{"href":"https:\/\/seoptimise.fr\/index.php\/wp-json\/wp\/v2\/types\/page"}],"author":[{"embeddable":true,"href":"https:\/\/seoptimise.fr\/index.php\/wp-json\/wp\/v2\/users\/1"}],"replies":[{"embeddable":true,"href":"https:\/\/seoptimise.fr\/index.php\/wp-json\/wp\/v2\/comments?post=13"}],"version-history":[{"count":22,"href":"https:\/\/seoptimise.fr\/index.php\/wp-json\/wp\/v2\/pages\/13\/revisions"}],"predecessor-version":[{"id":241,"href":"https:\/\/seoptimise.fr\/index.php\/wp-json\/wp\/v2\/pages\/13\/revisions\/241"}],"wp:attachment":[{"href":"https:\/\/seoptimise.fr\/index.php\/wp-json\/wp\/v2\/media?parent=13"}],"curies":[{"name":"wp","href":"https:\/\/api.w.org\/{rel}","templated":true}]}}